{"id":5177,"date":"2024-03-12T15:36:15","date_gmt":"2024-03-12T14:36:15","guid":{"rendered":"https:\/\/lalibertie.com\/meny\/"},"modified":"2025-03-24T12:05:24","modified_gmt":"2025-03-24T11:05:24","slug":"meny","status":"publish","type":"page","link":"https:\/\/lalibertie.com\/en\/meny\/","title":{"rendered":"Meny"},"content":{"rendered":"<section  class='av_textblock_section av-ltogvi08-896b0a361df676ed018e1536a5bf1f34 '   itemscope=\"itemscope\" itemtype=\"https:\/\/schema.org\/CreativeWork\" ><div class='avia_textblock'  itemprop=\"text\" ><h2 style=\"text-align: center;\">\u00c0 LA CARTE<\/h2>\n<\/div><\/section>\n\n<style type=\"text\/css\" data-created_by=\"avia_inline_auto\" id=\"style-css-av-ltogxxr3-2e8b9d4f12dd13f2ae96c2a429309ea8\">\n#top .hr.hr-invisible.av-ltogxxr3-2e8b9d4f12dd13f2ae96c2a429309ea8{\nheight:50px;\n}\n<\/style>\n<div  class='hr av-ltogxxr3-2e8b9d4f12dd13f2ae96c2a429309ea8 hr-invisible  avia-builder-el-1  el_after_av_textblock  el_before_av_textblock '><span class='hr-inner '><span class=\"hr-inner-style\"><\/span><\/span><\/div>\n<section  class='av_textblock_section av-57snlt-18ed351d4d4705809670f447fc0a29af '   itemscope=\"itemscope\" itemtype=\"https:\/\/schema.org\/CreativeWork\" ><div class='avia_textblock'  itemprop=\"text\" ><h3 style=\"text-align: center;\">LES ENTR\u00c9ES<\/h3>\n<p style=\"text-align: center;\">\u00a0TARTELETTE CROUSTILLANTE AUX L\u00c9GUMES, ACCOMPAGN\u00c9E D\u2019UNE SALADE &amp; PISTOU (V) <strong>14,00\u20ac<\/strong><br \/>\n<em>Crispy vegetable tartlette served with a garden salad &amp; pistou <\/em><\/p>\n<p style=\"text-align: center;\">\u201cCARPACCIO P\u00c9RIGOURDIN\u201d, \u201cGRAVAD MAGRET DE CANARD\u201d, FOIE GRAS MI-CUIT FINEMENT TRANCH\u00c9, NOIX &amp; HUILE DE NOIX <strong>19,00\u20ac<\/strong><br \/>\n<em>\u201cCarpaccio p\u00e9rigourdin\u201d, \u201cgravad duck breast\u201d, shavings of duck liver, m\u00e2ch\u00e9, walnuts &amp; walnut oil<\/em><\/p>\n<p style=\"text-align: center;\">FILETS DE MAQUEREAUX FUM\u00c9S MAISON, PETITE SALADE DE PRINTEMPS, OEUF FERMIER &amp; SAUCE AU RAIFORT <strong>16,00\u20ac<\/strong><br \/>\n<em>Filets of mackerel smoked maison, garden salad, free range egg &amp; horseradish sauce<\/em><\/p>\n<p style=\"text-align: center;\">CASSOULET CR\u00c9MEUX D\u2019ESCARGOTS &amp; CHAMPIGNONS DE PARIS AU SAVEURS D\u2019AIL <strong>17,00\u20ac<\/strong><br \/>\n<em>Creamy cassoulet with snails &amp; mushrooms with flavours of garlic<\/em><\/p>\n<p style=\"text-align: center;\"><span style=\"color: #ff0000;\">\n<style type=\"text\/css\" data-created_by=\"avia_inline_auto\" id=\"style-css-av-4jilk1-bef00645a3a0908669251be457bbf55c\">\n#top .hr.hr-invisible.av-4jilk1-bef00645a3a0908669251be457bbf55c{\nheight:50px;\n}\n<\/style>\n<div  class='hr av-4jilk1-bef00645a3a0908669251be457bbf55c hr-invisible  avia-builder-el-3  el_before_av_hr  avia-builder-el-first '><span class='hr-inner '><span class=\"hr-inner-style\"><\/span><\/span><\/div><\/span><\/p>\n<h3 style=\"text-align: center;\">LES PLATS<\/h3>\n<p style=\"text-align: center;\">\u00a0RISOTTO PRINTANIER(V) <strong>24,00\u20ac<\/strong><br \/>\n<em>Risotto with early spring vegetables\u00a0\u00a0 <\/em><\/p>\n<p style=\"text-align: center;\">DOS DE CABILLAUD DE NORV\u00c8GE \u201cSKREI\u201d, SAUCE HOLLANDAISE &amp; L\u00c9GUMES PRINTANIERS SAUT\u00c9S <strong>28,00\u20ac<\/strong><br \/>\n<em>Loin of cod from Norway \u201cSkrei\u201d, hollandaise sauce &amp; sauteed spring vegetables<\/em><\/p>\n<p style=\"text-align: center;\">MAGRET DE CANARD \u00c0 L\u2019ORANGE &amp; TAMARIN, SPRINGROLL PO\u00caL\u00c9 FOURR\u00c9 AUX L\u00c9GUMES DE PRINTEMPS <strong>27,00\u20ac<\/strong><br \/>\n<em>Seared duck breast \u00e0 l\u2019orange &amp; tamarind, fried springroll filled with vegetables<\/em><\/p>\n<p style=\"text-align: center;\"><span style=\"color: #ff0000;\">\n<style type=\"text\/css\" data-created_by=\"avia_inline_auto\" id=\"style-css-av-ahjxt-23a8f16041a27250a008ccc5eaf90ff7\">\n#top .hr.hr-invisible.av-ahjxt-23a8f16041a27250a008ccc5eaf90ff7{\nheight:50px;\n}\n<\/style>\n<div  class='hr av-ahjxt-23a8f16041a27250a008ccc5eaf90ff7 hr-invisible  avia-builder-el-4  el_after_av_hr  avia-builder-el-last '><span class='hr-inner '><span class=\"hr-inner-style\"><\/span><\/span><\/div><\/span><\/p>\n<h3 style=\"text-align: center;\">LE PLATEAU DE FROMAGES &amp; LES DESSERTS<\/h3>\n<p style=\"text-align: center;\">\u00a0PLATEAU DE FROMAGES AFFIN\u00c9S, TROIS FROMAGES AU CHOIX AVEC \u201cFR\u00d6KN\u00c4CKE\u201d FAIT MAISON possibilit\u00e9 suppl\u00e9ment 4\u20ac\/fromage <strong>12,00\u20ac<\/strong><br \/>\n<em>Your selection of three cheeses with homemade \u201cfr\u00f6kn\u00e4cke\u201d, additional piece 4\u20ac \/each<\/em><\/p>\n<p style=\"text-align: center;\">\u201cBABA COCOLADA\u201d, CR\u00c8ME COCO, SORBET CITRON VERT &amp; ANANAS(V) <strong>12,00\u20ac<\/strong><br \/>\n<em>\u201cBaba cocolada\u201d, coconut cr\u00e8me, lime sorbet &amp; pineapple<\/em><\/p>\n<p style=\"text-align: center;\">PAVLOVA SURPRISE AUX FRUITS EXOTIQUES <strong>13,00\u20ac<\/strong><br \/>\n<em>Pavlova surprise with exotic fruits<\/em><\/p>\n<p style=\"text-align: center;\">BAVAROISE AU CHOCOLAT, PISTACHES VERTES \u00c9MOND\u00c9ES GRILL\u00c9ES &amp; SALADE D\u2019ORANGES <strong>13,00\u20ac<\/strong><br \/>\n<em>Chocolate bavaroise, grilled green pistachio nuts &amp; an orange salad<\/em><\/p>\n<\/div><\/section>\n","protected":false},"excerpt":{"rendered":"","protected":false},"author":4,"featured_media":0,"parent":0,"menu_order":0,"comment_status":"closed","ping_status":"closed","template":"","meta":{"footnotes":""},"class_list":["post-5177","page","type-page","status-publish","hentry"],"yoast_head":"<!-- This site is optimized with the Yoast SEO plugin v27.3 - https:\/\/yoast.com\/product\/yoast-seo-wordpress\/ -->\n<title>Meny - La Libertie<\/title>\n<meta name=\"robots\" content=\"index, follow, max-snippet:-1, max-image-preview:large, max-video-preview:-1\" \/>\n<link rel=\"canonical\" href=\"https:\/\/lalibertie.com\/en\/meny\/\" \/>\n<meta property=\"og:locale\" content=\"en_US\" \/>\n<meta property=\"og:type\" content=\"article\" \/>\n<meta property=\"og:title\" content=\"Meny - La Libertie\" \/>\n<meta property=\"og:url\" content=\"https:\/\/lalibertie.com\/en\/meny\/\" \/>\n<meta property=\"og:site_name\" content=\"La Libertie\" \/>\n<meta property=\"article:modified_time\" content=\"2025-03-24T11:05:24+00:00\" \/>\n<meta name=\"twitter:card\" content=\"summary_large_image\" \/>\n<meta name=\"twitter:label1\" content=\"Est. reading time\" \/>\n\t<meta name=\"twitter:data1\" content=\"3 minutes\" \/>\n<script type=\"application\/ld+json\" class=\"yoast-schema-graph\">{\"@context\":\"https:\\\/\\\/schema.org\",\"@graph\":[{\"@type\":\"WebPage\",\"@id\":\"https:\\\/\\\/lalibertie.com\\\/en\\\/meny\\\/\",\"url\":\"https:\\\/\\\/lalibertie.com\\\/en\\\/meny\\\/\",\"name\":\"Meny - La Libertie\",\"isPartOf\":{\"@id\":\"https:\\\/\\\/lalibertie.com\\\/en\\\/#website\"},\"datePublished\":\"2024-03-12T14:36:15+00:00\",\"dateModified\":\"2025-03-24T11:05:24+00:00\",\"breadcrumb\":{\"@id\":\"https:\\\/\\\/lalibertie.com\\\/en\\\/meny\\\/#breadcrumb\"},\"inLanguage\":\"en-US\",\"potentialAction\":[{\"@type\":\"ReadAction\",\"target\":[\"https:\\\/\\\/lalibertie.com\\\/en\\\/meny\\\/\"]}]},{\"@type\":\"BreadcrumbList\",\"@id\":\"https:\\\/\\\/lalibertie.com\\\/en\\\/meny\\\/#breadcrumb\",\"itemListElement\":[{\"@type\":\"ListItem\",\"position\":1,\"name\":\"Home\",\"item\":\"https:\\\/\\\/lalibertie.com\\\/en\\\/la-libertie-chambres-dhotes-restaurant\\\/\"},{\"@type\":\"ListItem\",\"position\":2,\"name\":\"Meny\"}]},{\"@type\":\"WebSite\",\"@id\":\"https:\\\/\\\/lalibertie.com\\\/en\\\/#website\",\"url\":\"https:\\\/\\\/lalibertie.com\\\/en\\\/\",\"name\":\"La Libertie\",\"description\":\"La Libertie Table d\u2019h\u00f4tes\",\"potentialAction\":[{\"@type\":\"SearchAction\",\"target\":{\"@type\":\"EntryPoint\",\"urlTemplate\":\"https:\\\/\\\/lalibertie.com\\\/en\\\/?s={search_term_string}\"},\"query-input\":{\"@type\":\"PropertyValueSpecification\",\"valueRequired\":true,\"valueName\":\"search_term_string\"}}],\"inLanguage\":\"en-US\"}]}<\/script>\n<!-- \/ Yoast SEO plugin. -->","yoast_head_json":{"title":"Meny - La Libertie","robots":{"index":"index","follow":"follow","max-snippet":"max-snippet:-1","max-image-preview":"max-image-preview:large","max-video-preview":"max-video-preview:-1"},"canonical":"https:\/\/lalibertie.com\/en\/meny\/","og_locale":"en_US","og_type":"article","og_title":"Meny - La Libertie","og_url":"https:\/\/lalibertie.com\/en\/meny\/","og_site_name":"La Libertie","article_modified_time":"2025-03-24T11:05:24+00:00","twitter_card":"summary_large_image","twitter_misc":{"Est. reading time":"3 minutes"},"schema":{"@context":"https:\/\/schema.org","@graph":[{"@type":"WebPage","@id":"https:\/\/lalibertie.com\/en\/meny\/","url":"https:\/\/lalibertie.com\/en\/meny\/","name":"Meny - La Libertie","isPartOf":{"@id":"https:\/\/lalibertie.com\/en\/#website"},"datePublished":"2024-03-12T14:36:15+00:00","dateModified":"2025-03-24T11:05:24+00:00","breadcrumb":{"@id":"https:\/\/lalibertie.com\/en\/meny\/#breadcrumb"},"inLanguage":"en-US","potentialAction":[{"@type":"ReadAction","target":["https:\/\/lalibertie.com\/en\/meny\/"]}]},{"@type":"BreadcrumbList","@id":"https:\/\/lalibertie.com\/en\/meny\/#breadcrumb","itemListElement":[{"@type":"ListItem","position":1,"name":"Home","item":"https:\/\/lalibertie.com\/en\/la-libertie-chambres-dhotes-restaurant\/"},{"@type":"ListItem","position":2,"name":"Meny"}]},{"@type":"WebSite","@id":"https:\/\/lalibertie.com\/en\/#website","url":"https:\/\/lalibertie.com\/en\/","name":"La Libertie","description":"La Libertie Table d\u2019h\u00f4tes","potentialAction":[{"@type":"SearchAction","target":{"@type":"EntryPoint","urlTemplate":"https:\/\/lalibertie.com\/en\/?s={search_term_string}"},"query-input":{"@type":"PropertyValueSpecification","valueRequired":true,"valueName":"search_term_string"}}],"inLanguage":"en-US"}]}},"_links":{"self":[{"href":"https:\/\/lalibertie.com\/en\/wp-json\/wp\/v2\/pages\/5177","targetHints":{"allow":["GET"]}}],"collection":[{"href":"https:\/\/lalibertie.com\/en\/wp-json\/wp\/v2\/pages"}],"about":[{"href":"https:\/\/lalibertie.com\/en\/wp-json\/wp\/v2\/types\/page"}],"author":[{"embeddable":true,"href":"https:\/\/lalibertie.com\/en\/wp-json\/wp\/v2\/users\/4"}],"replies":[{"embeddable":true,"href":"https:\/\/lalibertie.com\/en\/wp-json\/wp\/v2\/comments?post=5177"}],"version-history":[{"count":4,"href":"https:\/\/lalibertie.com\/en\/wp-json\/wp\/v2\/pages\/5177\/revisions"}],"predecessor-version":[{"id":6253,"href":"https:\/\/lalibertie.com\/en\/wp-json\/wp\/v2\/pages\/5177\/revisions\/6253"}],"wp:attachment":[{"href":"https:\/\/lalibertie.com\/en\/wp-json\/wp\/v2\/media?parent=5177"}],"curies":[{"name":"wp","href":"https:\/\/api.w.org\/{rel}","templated":true}]}}